{"id":6253,"date":"2023-12-04T10:32:57","date_gmt":"2023-12-04T09:32:57","guid":{"rendered":"https:\/\/poissonnerielanouvellevague.com\/?page_id=6253"},"modified":"2024-03-12T17:25:27","modified_gmt":"2024-03-12T16:25:27","slug":"evenementiels","status":"publish","type":"page","link":"https:\/\/poissonnerielanouvellevague.com\/index.php\/evenementiels\/","title":{"rendered":"\u00c9v\u00e9nementiels"},"content":{"rendered":"\t\t<div data-elementor-type=\"wp-page\" data-elementor-id=\"6253\" class=\"elementor elementor-6253\">\n\t\t\t\t\t\t\t\t\t<section class=\"elementor-section elementor-top-section elementor-element elementor-element-696c7d0 elementor-section-boxed elementor-section-height-default elementor-section-height-default\" data-id=\"696c7d0\" data-element_type=\"section\" data-settings=\"{&quot;background_background&quot;:&quot;classic&quot;}\">\n\t\t\t\t\t\t<div class=\"elementor-container elementor-column-gap-default\">\n\t\t\t\t\t<div class=\"elementor-column elementor-col-50 elementor-top-column elementor-element elementor-element-09382aa\" data-id=\"09382aa\" data-element_type=\"column\">\n\t\t\t<div class=\"elementor-widget-wrap elementor-element-populated\">\n\t\t\t\t\t\t\t\t<div class=\"elementor-element elementor-element-f33b632 elementor-widget__width-initial elementor-widget elementor-widget-ld_fancy_image\" data-id=\"f33b632\" data-element_type=\"widget\" data-widget_type=\"ld_fancy_image.default\">\n\t\t\t\t<div class=\"elementor-widget-container\">\n\t\t\t\n\t\t<div class=\"lqd-imggrp-single d-block pos-rel \">\n\t\t\t<div class=\"lqd-imggrp-img-container d-inline-flex pos-rel align-items-center justify-content-center \">\n\t\t\t\t\t\t\t\t<figure class=\"w-100 pos-rel\">\n\t\t\t\t\t<img fetchpriority=\"high\" decoding=\"async\" width=\"3024\" height=\"4032\" src=\"https:\/\/poissonnerielanouvellevague.com\/wp-content\/uploads\/2024\/01\/IMG_0827-rotated.jpeg\" class=\"attachment-full size-full wp-image-6446\" alt=\"\" srcset=\"https:\/\/poissonnerielanouvellevague.com\/wp-content\/uploads\/2024\/01\/IMG_0827-rotated.jpeg 3024w, https:\/\/poissonnerielanouvellevague.com\/wp-content\/uploads\/2024\/01\/IMG_0827-225x300.jpeg 225w, https:\/\/poissonnerielanouvellevague.com\/wp-content\/uploads\/2024\/01\/IMG_0827-768x1024.jpeg 768w, https:\/\/poissonnerielanouvellevague.com\/wp-content\/uploads\/2024\/01\/IMG_0827-rotated-1152x1536.jpeg 1152w, https:\/\/poissonnerielanouvellevague.com\/wp-content\/uploads\/2024\/01\/IMG_0827-rotated-1536x2048.jpeg 1536w, https:\/\/poissonnerielanouvellevague.com\/wp-content\/uploads\/2024\/01\/IMG_0827-rotated-600x800.jpeg 600w\" sizes=\"(max-width: 3024px) 100vw, 3024px\" itemprop=\"image\" \/>\t\t\t\t\t\t\t\t\t\t\t\t\t\t\t\t\t\t\t\t\t\t\t\t\t\t\t\t\t<\/figure>\n\t\t\t<\/div>\n\t\t<\/div>\n\n\t\t\t<\/div>\n\t\t\t\t<\/div>\n\t\t\t\t\t<\/div>\n\t\t<\/div>\n\t\t\t\t<div class=\"elementor-column elementor-col-50 elementor-top-column elementor-element elementor-element-57373e1\" data-id=\"57373e1\" data-element_type=\"column\">\n\t\t\t<div class=\"elementor-widget-wrap elementor-element-populated\">\n\t\t\t\t\t\t\t\t<div class=\"elementor-element elementor-element-c6f98c7 elementor-widget elementor-widget-hub_fancy_heading\" data-id=\"c6f98c7\" data-element_type=\"widget\" data-widget_type=\"hub_fancy_heading.default\">\n\t\t\t\t<div class=\"elementor-widget-container\">\n\t\t\t\n\t\t<div id=\"ld-fancy-heading-69e21e2cd402a\" class=\"ld-fancy-heading pos-rel\">\n\t\t\t<h6 class=\"ld-fh-element d-inline-block pos-rel  elementor-heading-title lqd-highlight-classic lqd-highlight-grow-left h6\"  > \u2014 \u00c9v\u00e8nementiels<\/h6>\t\t<\/div>\n\n\t\t\t\t<\/div>\n\t\t\t\t<\/div>\n\t\t\t\t<div class=\"elementor-element elementor-element-15b9190 elementor-widget elementor-widget-hub_fancy_heading\" data-id=\"15b9190\" data-element_type=\"widget\" data-widget_type=\"hub_fancy_heading.default\">\n\t\t\t\t<div class=\"elementor-widget-container\">\n\t\t\t\n\t\t<div id=\"ld-fancy-heading-69e21e2cd4492\" class=\"ld-fancy-heading pos-rel\">\n\t\t\t<h2 class=\"ld-fh-element d-inline-block pos-rel  elementor-heading-title lqd-highlight-classic lqd-highlight-grow-left h2\"  > Bar \u00e0 huitres<\/h2>\t\t<\/div>\n\n\t\t\t\t<\/div>\n\t\t\t\t<\/div>\n\t\t\t\t<div class=\"elementor-element elementor-element-9a92089 elementor-widget elementor-widget-hub_fancy_heading\" data-id=\"9a92089\" data-element_type=\"widget\" data-widget_type=\"hub_fancy_heading.default\">\n\t\t\t\t<div class=\"elementor-widget-container\">\n\t\t\t\n\t\t<div id=\"ld-fancy-heading-69e21e2cd486a\" class=\"ld-fancy-heading pos-rel\">\n\t\t\t<p class=\"ld-fh-element d-inline-block pos-rel  lqd-highlight-classic lqd-highlight-grow-left p\"  > Bienvenue dans notre espace \u00e9v\u00e9nementiel, o\u00f9 l'expertise de notre \u00e9quipe d'\u00e9caillers et la fra\u00eecheur de la mer se conjuguent pour cr\u00e9er des moments inoubliables. Notre service de bar \u00e0 hu\u00eetres est con\u00e7u pour sublimer vos manifestations, apportant une touche de raffinement et de convivialit\u00e9 \u00e0 chaque occasion.<\/p>\t\t<\/div>\n\n\t\t\t\t<\/div>\n\t\t\t\t<\/div>\n\t\t\t\t<div class=\"elementor-element elementor-element-db0fd4a elementor-widget elementor-widget-ld_button\" data-id=\"db0fd4a\" data-element_type=\"widget\" data-widget_type=\"ld_button.default\">\n\t\t\t\t<div class=\"elementor-widget-container\">\n\t\t\t\n\t\t\t<a\n\t\t\t\tclass=\"elementor-button btn btn-solid btn-hover-txt-liquid-x btn-icon-shaped btn-has-label\" data-lity=\"#modal-6048\" href=\"#modal-6048\"\t\t\t>\n\t\t\t\t\t\t\t\t\t<span data-text=\"DEMANDE DE DEVIS\" class=\"btn-txt\" data-transition-delay=\"true\" data-delay-options=\"{&quot;elements&quot;: &quot;.lqd-chars&quot;, &quot;delayType&quot;: &quot;animation&quot;, &quot;startDelay&quot;: 0, &quot;delayBetween&quot;: 32.5}\" data-split-text=\"true\" data-split-options=\"{&quot;type&quot;: &quot;chars, words&quot;}\">\n\t\t\t\t\t\tDEMANDE DE DEVIS\t\t\t\t\t<\/span>\n\t\t\t\t\t\t\t\t\t\t\t<\/a>\n\t\t\t\t\t<\/div>\n\t\t\t\t<\/div>\n\t\t\t\t\t<\/div>\n\t\t<\/div>\n\t\t\t\t\t\t\t<\/div>\n\t\t<\/section>\n\t\t\t\t<section class=\"elementor-section elementor-top-section elementor-element elementor-element-65b1526 elementor-section-boxed elementor-section-height-default elementor-section-height-default\" data-id=\"65b1526\" data-element_type=\"section\" data-settings=\"{&quot;background_background&quot;:&quot;classic&quot;}\">\n\t\t\t\t\t\t<div class=\"elementor-container elementor-column-gap-default\">\n\t\t\t\t\t<div class=\"elementor-column elementor-col-50 elementor-top-column elementor-element elementor-element-ce1e81c\" data-id=\"ce1e81c\" data-element_type=\"column\">\n\t\t\t<div class=\"elementor-widget-wrap elementor-element-populated\">\n\t\t\t\t\t\t\t\t<div class=\"elementor-element elementor-element-a3d266a elementor-widget elementor-widget-hub_fancy_heading\" data-id=\"a3d266a\" data-element_type=\"widget\" data-widget_type=\"hub_fancy_heading.default\">\n\t\t\t\t<div class=\"elementor-widget-container\">\n\t\t\t\n\t\t<div id=\"ld-fancy-heading-69e21e2cd679f\" class=\"ld-fancy-heading pos-rel\">\n\t\t\t<h2 class=\"ld-fh-element d-inline-block pos-rel  elementor-heading-title lqd-highlight-classic lqd-highlight-grow-left h2\"  > Pourquoi choisir notre pr\u00e9station<\/h2>\t\t<\/div>\n\n\t\t\t\t<\/div>\n\t\t\t\t<\/div>\n\t\t\t\t<div class=\"elementor-element elementor-element-39f6f54 elementor-widget elementor-widget-hub_fancy_heading\" data-id=\"39f6f54\" data-element_type=\"widget\" data-widget_type=\"hub_fancy_heading.default\">\n\t\t\t\t<div class=\"elementor-widget-container\">\n\t\t\t\n\t\t<div id=\"ld-fancy-heading-69e21e2cd6b76\" class=\"ld-fancy-heading pos-rel\">\n\t\t\t<p class=\"ld-fh-element d-inline-block pos-rel  lqd-highlight-classic lqd-highlight-grow-left p\"  > <b>Service Professionnel<\/b> : Notre \u00e9quipe, fort de son exp\u00e9rience en poissonnerie, assure un service de qualit\u00e9, du d\u00e9but \u00e0 la fin de votre manifestation. <br><br>\n<b>Cadre immersif<\/b> : Ajoutez une touche unique \u00e0 votre \u00e9v\u00e8nement avec notre remorque sp\u00e9cialement con\u00e7ue, remplie de glace, garantissant l'esprit de la mer. <br><br>\n<b>Personnalisation<\/b> : Envie de diversifier votre exp\u00e9rience ? Optez pour d'autres d\u00e9lices marins, tels que des coquillages, des crustac\u00e9s ou des toasts pr\u00e9par\u00e9s \u00e0 la poissonnerie.<br>\n<\/p>\t\t<\/div>\n\n\t\t\t\t<\/div>\n\t\t\t\t<\/div>\n\t\t\t\t<div class=\"elementor-element elementor-element-ec467ee elementor-widget elementor-widget-ld_button\" data-id=\"ec467ee\" data-element_type=\"widget\" data-widget_type=\"ld_button.default\">\n\t\t\t\t<div class=\"elementor-widget-container\">\n\t\t\t\n\t\t\t<a\n\t\t\t\tclass=\"elementor-button btn btn-solid btn-hover-txt-liquid-x btn-icon-shaped btn-has-label\" data-lity=\"#modal-6048\" href=\"#modal-6048\"\t\t\t>\n\t\t\t\t\t\t\t\t\t<span data-text=\"DEMANDE DE DEVIS\" class=\"btn-txt\" data-transition-delay=\"true\" data-delay-options=\"{&quot;elements&quot;: &quot;.lqd-chars&quot;, &quot;delayType&quot;: &quot;animation&quot;, &quot;startDelay&quot;: 0, &quot;delayBetween&quot;: 32.5}\" data-split-text=\"true\" data-split-options=\"{&quot;type&quot;: &quot;chars, words&quot;}\">\n\t\t\t\t\t\tDEMANDE DE DEVIS\t\t\t\t\t<\/span>\n\t\t\t\t\t\t\t\t\t\t\t<\/a>\n\t\t\t\t\t<\/div>\n\t\t\t\t<\/div>\n\t\t\t\t\t<\/div>\n\t\t<\/div>\n\t\t\t\t<div class=\"elementor-column elementor-col-50 elementor-top-column elementor-element elementor-element-cfde26b\" data-id=\"cfde26b\" data-element_type=\"column\">\n\t\t\t<div class=\"elementor-widget-wrap elementor-element-populated\">\n\t\t\t\t\t\t\t\t<div class=\"elementor-element elementor-element-e40f689 elementor-widget__width-initial elementor-widget elementor-widget-ld_fancy_image\" data-id=\"e40f689\" data-element_type=\"widget\" data-widget_type=\"ld_fancy_image.default\">\n\t\t\t\t<div class=\"elementor-widget-container\">\n\t\t\t\n\t\t<div class=\"lqd-imggrp-single d-block pos-rel \">\n\t\t\t<div class=\"lqd-imggrp-img-container d-inline-flex pos-rel align-items-center justify-content-center \">\n\t\t\t\t\t\t\t\t<figure class=\"w-100 pos-rel\">\n\t\t\t\t\t<img decoding=\"async\" width=\"3024\" height=\"4032\" src=\"data:image\/svg+xml;charset=utf-8,%3Csvg xmlns%3D&#039;http%3A%2F%2Fwww.w3.org%2F2000%2Fsvg&#039; viewBox%3D&#039;0 0 1600 2133&#039;%2F%3E\" class=\"attachment-full size-full wp-image-6450 ld-lazyload\" alt=\"\" itemprop=\"image\" data-src=\"https:\/\/poissonnerielanouvellevague.com\/wp-content\/uploads\/2024\/01\/IMG_0829-rotated.jpeg\" data-srcset=\"https:\/\/poissonnerielanouvellevague.com\/wp-content\/uploads\/2024\/01\/IMG_0829-rotated.jpeg 3024w, https:\/\/poissonnerielanouvellevague.com\/wp-content\/uploads\/2024\/01\/IMG_0829-225x300.jpeg 225w, https:\/\/poissonnerielanouvellevague.com\/wp-content\/uploads\/2024\/01\/IMG_0829-768x1024.jpeg 768w, https:\/\/poissonnerielanouvellevague.com\/wp-content\/uploads\/2024\/01\/IMG_0829-rotated-1152x1536.jpeg 1152w, https:\/\/poissonnerielanouvellevague.com\/wp-content\/uploads\/2024\/01\/IMG_0829-rotated-1536x2048.jpeg 1536w, https:\/\/poissonnerielanouvellevague.com\/wp-content\/uploads\/2024\/01\/IMG_0829-rotated-600x800.jpeg 600w\" data-sizes=\"(max-width: 3024px) 100vw, 3024px\" data-aspect=\"0.75011720581341\" \/>\t\t\t\t\t\t\t\t\t\t\t\t\t\t\t\t\t\t\t\t\t\t\t\t\t\t\t\t\t<\/figure>\n\t\t\t<\/div>\n\t\t<\/div>\n\n\t\t\t<\/div>\n\t\t\t\t<\/div>\n\t\t\t\t\t<\/div>\n\t\t<\/div>\n\t\t\t\t\t\t\t<\/div>\n\t\t<\/section>\n\t\t\t\t<section class=\"elementor-section elementor-top-section elementor-element elementor-element-9351edc elementor-section-boxed elementor-section-height-default elementor-section-height-default\" data-id=\"9351edc\" data-element_type=\"section\">\n\t\t\t\t\t\t<div class=\"elementor-container elementor-column-gap-default\">\n\t\t\t\t\t<div class=\"elementor-column elementor-col-100 elementor-top-column elementor-element elementor-element-7412cdf\" data-id=\"7412cdf\" data-element_type=\"column\">\n\t\t\t<div class=\"elementor-widget-wrap elementor-element-populated\">\n\t\t\t\t\t\t\t\t<div class=\"elementor-element elementor-element-44e1f45 elementor-widget elementor-widget-hub_fancy_heading\" data-id=\"44e1f45\" data-element_type=\"widget\" data-widget_type=\"hub_fancy_heading.default\">\n\t\t\t\t<div class=\"elementor-widget-container\">\n\t\t\t\n\t\t<div id=\"ld-fancy-heading-69e21e2d0a6e1\" class=\"ld-fancy-heading pos-rel\">\n\t\t\t<h2 class=\"ld-fh-element d-inline-block pos-rel  elementor-heading-title lqd-highlight-classic lqd-highlight-grow-left h2\"  > Pour quelles occasions ?<\/h2>\t\t<\/div>\n\n\t\t\t\t<\/div>\n\t\t\t\t<\/div>\n\t\t\t\t<div class=\"elementor-element elementor-element-79aac49 elementor-widget elementor-widget-hub_fancy_heading\" data-id=\"79aac49\" data-element_type=\"widget\" data-widget_type=\"hub_fancy_heading.default\">\n\t\t\t\t<div class=\"elementor-widget-container\">\n\t\t\t\n\t\t<div id=\"ld-fancy-heading-69e21e2d0aaad\" class=\"ld-fancy-heading pos-rel\">\n\t\t\t<p class=\"ld-fh-element d-inline-block pos-rel  lqd-highlight-classic lqd-highlight-grow-left p\"  > Que ce soit pour une manifestation d'entreprise, un mariage ou une c\u00e9l\u00e9bration sp\u00e9ciale, notre bar \u00e0 hu\u00eetres offre une exp\u00e9rience culinaire et conviviale incomparable.<br><br><br>\nContactez-nous pour obtenir plus d'informations.<\/p>\t\t<\/div>\n\n\t\t\t\t<\/div>\n\t\t\t\t<\/div>\n\t\t\t\t<div class=\"elementor-element elementor-element-81c56d8 elementor-widget elementor-widget-spacer\" data-id=\"81c56d8\" data-element_type=\"widget\" data-widget_type=\"spacer.default\">\n\t\t\t\t<div class=\"elementor-widget-container\">\n\t\t\t<style>\/*! elementor - v3.18.0 - 20-12-2023 *\/\n.elementor-column .elementor-spacer-inner{height:var(--spacer-size)}.e-con{--container-widget-width:100%}.e-con-inner>.elementor-widget-spacer,.e-con>.elementor-widget-spacer{width:var(--container-widget-width,var(--spacer-size));--align-self:var(--container-widget-align-self,initial);--flex-shrink:0}.e-con-inner>.elementor-widget-spacer>.elementor-widget-container,.e-con>.elementor-widget-spacer>.elementor-widget-container{height:100%;width:100%}.e-con-inner>.elementor-widget-spacer>.elementor-widget-container>.elementor-spacer,.e-con>.elementor-widget-spacer>.elementor-widget-container>.elementor-spacer{height:100%}.e-con-inner>.elementor-widget-spacer>.elementor-widget-container>.elementor-spacer>.elementor-spacer-inner,.e-con>.elementor-widget-spacer>.elementor-widget-container>.elementor-spacer>.elementor-spacer-inner{height:var(--container-widget-height,var(--spacer-size))}.e-con-inner>.elementor-widget-spacer.elementor-widget-empty,.e-con>.elementor-widget-spacer.elementor-widget-empty{position:relative;min-height:22px;min-width:22px}.e-con-inner>.elementor-widget-spacer.elementor-widget-empty .elementor-widget-empty-icon,.e-con>.elementor-widget-spacer.elementor-widget-empty .elementor-widget-empty-icon{position:absolute;top:0;bottom:0;left:0;right:0;margin:auto;padding:0;width:22px;height:22px}<\/style>\t\t<div class=\"elementor-spacer\">\n\t\t\t<div class=\"elementor-spacer-inner\"><\/div>\n\t\t<\/div>\n\t\t\t\t<\/div>\n\t\t\t\t<\/div>\n\t\t\t\t<div class=\"elementor-element elementor-element-a841b2a elementor-widget elementor-widget-ld_button\" data-id=\"a841b2a\" data-element_type=\"widget\" data-widget_type=\"ld_button.default\">\n\t\t\t\t<div class=\"elementor-widget-container\">\n\t\t\t\n\t\t\t<a\n\t\t\t\tclass=\"elementor-button btn btn-solid btn-hover-txt-liquid-x btn-icon-shaped btn-has-label\" data-lity=\"#modal-6048\" href=\"#modal-6048\"\t\t\t>\n\t\t\t\t\t\t\t\t\t<span data-text=\"DEMANDE DE DEVIS\" class=\"btn-txt\" data-transition-delay=\"true\" data-delay-options=\"{&quot;elements&quot;: &quot;.lqd-chars&quot;, &quot;delayType&quot;: &quot;animation&quot;, &quot;startDelay&quot;: 0, &quot;delayBetween&quot;: 32.5}\" data-split-text=\"true\" data-split-options=\"{&quot;type&quot;: &quot;chars, words&quot;}\">\n\t\t\t\t\t\tDEMANDE DE DEVIS\t\t\t\t\t<\/span>\n\t\t\t\t\t\t\t\t\t\t\t<\/a>\n\t\t\t\t\t<\/div>\n\t\t\t\t<\/div>\n\t\t\t\t\t<\/div>\n\t\t<\/div>\n\t\t\t\t\t\t\t<\/div>\n\t\t<\/section>\n\t\t<div class=\"elementor-element elementor-element-1e4c953 e-flex e-con-boxed e-con e-parent\" data-id=\"1e4c953\" data-element_type=\"container\" data-settings=\"{&quot;background_background&quot;:&quot;slideshow&quot;,&quot;background_slideshow_gallery&quot;:[{&quot;id&quot;:6541,&quot;url&quot;:&quot;https:\\\/\\\/poissonnerielanouvellevague.com\\\/wp-content\\\/uploads\\\/2024\\\/01\\\/PaulBellenfant_Fruchet_LaRoueCool_MaindronProduction_Mai_2023-9524.jpg&quot;}],&quot;content_width&quot;:&quot;boxed&quot;,&quot;background_slideshow_loop&quot;:&quot;yes&quot;,&quot;background_slideshow_slide_duration&quot;:5000,&quot;background_slideshow_slide_transition&quot;:&quot;fade&quot;,&quot;background_slideshow_transition_duration&quot;:500}\" data-core-v316-plus=\"true\">\n\t\t\t\t\t<div class=\"e-con-inner\">\n\t\t\t\t<div class=\"elementor-element elementor-element-f65de15 elementor-widget elementor-widget-spacer\" data-id=\"f65de15\" data-element_type=\"widget\" data-widget_type=\"spacer.default\">\n\t\t\t\t<div class=\"elementor-widget-container\">\n\t\t\t\t\t<div class=\"elementor-spacer\">\n\t\t\t<div class=\"elementor-spacer-inner\"><\/div>\n\t\t<\/div>\n\t\t\t\t<\/div>\n\t\t\t\t<\/div>\n\t\t\t\t\t<\/div>\n\t\t\t\t<\/div>\n\t\t\t\t\t\t\t<\/div>\n\t\t","protected":false},"excerpt":{"rendered":"<p>\u2014 \u00c9v\u00e8nementiels Bar \u00e0 huitres Bienvenue dans notre espace \u00e9v\u00e9nementiel, o\u00f9 l&rsquo;expertise de notre \u00e9quipe d&rsquo;\u00e9caillers et la fra\u00eecheur de la mer se conjuguent pour cr\u00e9er des moments inoubliables. Notre service de bar \u00e0 hu\u00eetres est con\u00e7u pour sublimer vos manifestations, apportant une touche de raffinement et de convivialit\u00e9 \u00e0 chaque occasion. DEMANDE DE DEVIS [&hellip;]<\/p>\n","protected":false},"author":1,"featured_media":0,"parent":0,"menu_order":0,"comment_status":"closed","ping_status":"closed","template":"","meta":{"footnotes":""},"_links":{"self":[{"href":"https:\/\/poissonnerielanouvellevague.com\/index.php\/wp-json\/wp\/v2\/pages\/6253"}],"collection":[{"href":"https:\/\/poissonnerielanouvellevague.com\/index.php\/wp-json\/wp\/v2\/pages"}],"about":[{"href":"https:\/\/poissonnerielanouvellevague.com\/index.php\/wp-json\/wp\/v2\/types\/page"}],"author":[{"embeddable":true,"href":"https:\/\/poissonnerielanouvellevague.com\/index.php\/wp-json\/wp\/v2\/users\/1"}],"replies":[{"embeddable":true,"href":"https:\/\/poissonnerielanouvellevague.com\/index.php\/wp-json\/wp\/v2\/comments?post=6253"}],"version-history":[{"count":55,"href":"https:\/\/poissonnerielanouvellevague.com\/index.php\/wp-json\/wp\/v2\/pages\/6253\/revisions"}],"predecessor-version":[{"id":6583,"href":"https:\/\/poissonnerielanouvellevague.com\/index.php\/wp-json\/wp\/v2\/pages\/6253\/revisions\/6583"}],"wp:attachment":[{"href":"https:\/\/poissonnerielanouvellevague.com\/index.php\/wp-json\/wp\/v2\/media?parent=6253"}],"curies":[{"name":"wp","href":"https:\/\/api.w.org\/{rel}","templated":true}]}}