{"id":6091,"date":"2023-11-03T10:28:07","date_gmt":"2023-11-03T09:28:07","guid":{"rendered":"https:\/\/poissonnerielanouvellevague.com\/?page_id=6091"},"modified":"2024-04-16T10:38:14","modified_gmt":"2024-04-16T08:38:14","slug":"notre-histoire","status":"publish","type":"page","link":"https:\/\/poissonnerielanouvellevague.com\/index.php\/notre-histoire\/","title":{"rendered":"Notre Histoire"},"content":{"rendered":"\t\t<div data-elementor-type=\"wp-page\" data-elementor-id=\"6091\" class=\"elementor elementor-6091\">\n\t\t\t\t\t\t\t\t\t<section class=\"elementor-section elementor-top-section elementor-element elementor-element-57e18f43 elementor-section-height-min-height elementor-section-boxed elementor-section-height-default elementor-section-items-middle\" data-id=\"57e18f43\" data-element_type=\"section\" data-settings=\"{&quot;background_background&quot;:&quot;classic&quot;}\">\n\t\t\t\t\t\t\t<div class=\"elementor-background-overlay\"><\/div>\n\t\t\t\t\t\t\t<div class=\"elementor-container elementor-column-gap-default\">\n\t\t\t\t\t<div class=\"elementor-column elementor-col-100 elementor-top-column elementor-element elementor-element-32610dad\" data-id=\"32610dad\" data-element_type=\"column\">\n\t\t\t<div class=\"elementor-widget-wrap elementor-element-populated\">\n\t\t\t\t\t\t\t\t<section class=\"elementor-section elementor-inner-section elementor-element elementor-element-2fea0b78 elementor-section-boxed elementor-section-height-default elementor-section-height-default\" data-id=\"2fea0b78\" data-element_type=\"section\">\n\t\t\t\t\t\t<div class=\"elementor-container elementor-column-gap-default\">\n\t\t\t\t\t<div class=\"elementor-column elementor-col-100 elementor-inner-column elementor-element elementor-element-1d2385fb\" data-id=\"1d2385fb\" data-element_type=\"column\">\n\t\t\t<div class=\"elementor-widget-wrap elementor-element-populated\">\n\t\t\t\t\t\t\t\t<div class=\"elementor-element elementor-element-dfd3382 elementor-widget elementor-widget-hub_fancy_heading\" data-id=\"dfd3382\" data-element_type=\"widget\" data-widget_type=\"hub_fancy_heading.default\">\n\t\t\t\t<div class=\"elementor-widget-container\">\n\t\t\t\n\t\t<div id=\"ld-fancy-heading-69e21e1b31a2a\" class=\"ld-fancy-heading pos-rel\">\n\t\t\t<h1 class=\"ld-fh-element d-inline-block pos-rel  elementor-heading-title lqd-highlight-classic lqd-highlight-grow-left h1\"  > Notre histoire<\/h1>\t\t<\/div>\n\n\t\t\t\t<\/div>\n\t\t\t\t<\/div>\n\t\t\t\t<div class=\"elementor-element elementor-element-138f8643 elementor-widget elementor-widget-hub_fancy_heading\" data-id=\"138f8643\" data-element_type=\"widget\" data-widget_type=\"hub_fancy_heading.default\">\n\t\t\t\t<div class=\"elementor-widget-container\">\n\t\t\t\n\t\t<div id=\"ld-fancy-heading-69e21e1b3219f\" class=\"ld-fancy-heading pos-rel\">\n\t\t\t<p class=\"ld-fh-element d-inline-block pos-rel  lqd-highlight-classic lqd-highlight-grow-left p\"  > Qui sommes-nous ?<br>Quel est notre histoire ?<br>Quelles sont nos valeurs ?\n<\/p>\t\t<\/div>\n\n\t\t\t\t<\/div>\n\t\t\t\t<\/div>\n\t\t\t\t\t<\/div>\n\t\t<\/div>\n\t\t\t\t\t\t\t<\/div>\n\t\t<\/section>\n\t\t\t\t\t<\/div>\n\t\t<\/div>\n\t\t\t\t\t\t\t<\/div>\n\t\t<\/section>\n\t\t\t\t<section class=\"elementor-section elementor-top-section elementor-element elementor-element-1d096674 elementor-section-boxed elementor-section-height-default elementor-section-height-default\" data-id=\"1d096674\" data-element_type=\"section\" data-settings=\"{&quot;background_background&quot;:&quot;classic&quot;}\">\n\t\t\t\t\t\t<div class=\"elementor-container elementor-column-gap-default\">\n\t\t\t\t\t<div class=\"elementor-column elementor-col-50 elementor-top-column elementor-element elementor-element-24b9d9b1\" data-id=\"24b9d9b1\" data-element_type=\"column\">\n\t\t\t<div class=\"elementor-widget-wrap elementor-element-populated\">\n\t\t\t\t\t\t\t\t<div class=\"elementor-element elementor-element-4f8cf9c7 elementor-widget__width-initial elementor-widget elementor-widget-ld_fancy_image\" data-id=\"4f8cf9c7\" data-element_type=\"widget\" data-widget_type=\"ld_fancy_image.default\">\n\t\t\t\t<div class=\"elementor-widget-container\">\n\t\t\t\n\t\t<div class=\"lqd-imggrp-single d-block pos-rel \">\n\t\t\t<div class=\"lqd-imggrp-img-container d-inline-flex pos-rel align-items-center justify-content-center \">\n\t\t\t\t\t\t\t\t<figure class=\"w-100 pos-rel\">\n\t\t\t\t\t<img fetchpriority=\"high\" decoding=\"async\" width=\"800\" height=\"1065\" src=\"https:\/\/poissonnerielanouvellevague.com\/wp-content\/uploads\/2023\/11\/La-Nouvelle-Vague-DSC00787-les-Halles-de-Cholet.jpg\" class=\"attachment-full size-full wp-image-6105\" alt=\"\" srcset=\"https:\/\/poissonnerielanouvellevague.com\/wp-content\/uploads\/2023\/11\/La-Nouvelle-Vague-DSC00787-les-Halles-de-Cholet.jpg 800w, https:\/\/poissonnerielanouvellevague.com\/wp-content\/uploads\/2023\/11\/La-Nouvelle-Vague-DSC00787-les-Halles-de-Cholet-225x300.jpg 225w, https:\/\/poissonnerielanouvellevague.com\/wp-content\/uploads\/2023\/11\/La-Nouvelle-Vague-DSC00787-les-Halles-de-Cholet-769x1024.jpg 769w, https:\/\/poissonnerielanouvellevague.com\/wp-content\/uploads\/2023\/11\/La-Nouvelle-Vague-DSC00787-les-Halles-de-Cholet-600x799.jpg 600w\" sizes=\"(max-width: 800px) 100vw, 800px\" itemprop=\"image\" \/>\t\t\t\t\t\t\t\t\t\t\t\t\t\t\t\t\t\t\t\t\t\t\t\t\t\t\t\t\t<\/figure>\n\t\t\t<\/div>\n\t\t<\/div>\n\n\t\t\t<\/div>\n\t\t\t\t<\/div>\n\t\t\t\t<div class=\"elementor-element elementor-element-6adba661 elementor-widget-tablet__width-initial elementor-absolute elementor-widget elementor-widget-hub_fancy_heading\" data-id=\"6adba661\" data-element_type=\"widget\" data-settings=\"{&quot;_position&quot;:&quot;absolute&quot;}\" data-widget_type=\"hub_fancy_heading.default\">\n\t\t\t\t<div class=\"elementor-widget-container\">\n\t\t\t\n\t\t<div id=\"ld-fancy-heading-69e21e1b350a3\" class=\"ld-fancy-heading pos-rel\">\n\t\t\t<p class=\"ld-fh-element d-inline-block pos-rel  lqd-highlight-classic lqd-highlight-grow-left text-vertical p\"  > Emmanuelle Fruchet<\/p>\t\t<\/div>\n\n\t\t\t\t<\/div>\n\t\t\t\t<\/div>\n\t\t\t\t\t<\/div>\n\t\t<\/div>\n\t\t\t\t<div class=\"elementor-column elementor-col-50 elementor-top-column elementor-element elementor-element-a9458d4\" data-id=\"a9458d4\" data-element_type=\"column\">\n\t\t\t<div class=\"elementor-widget-wrap elementor-element-populated\">\n\t\t\t\t\t\t\t\t<div class=\"elementor-element elementor-element-1823bcb3 elementor-widget elementor-widget-hub_fancy_heading\" data-id=\"1823bcb3\" data-element_type=\"widget\" data-widget_type=\"hub_fancy_heading.default\">\n\t\t\t\t<div class=\"elementor-widget-container\">\n\t\t\t\n\t\t<div id=\"ld-fancy-heading-69e21e1b35903\" class=\"ld-fancy-heading pos-rel\">\n\t\t\t<h6 class=\"ld-fh-element d-inline-block pos-rel  elementor-heading-title lqd-highlight-classic lqd-highlight-grow-left h6\"  > \u2014 Pr\u00e9sentation<\/h6>\t\t<\/div>\n\n\t\t\t\t<\/div>\n\t\t\t\t<\/div>\n\t\t\t\t<div class=\"elementor-element elementor-element-7d6e099b elementor-widget elementor-widget-hub_fancy_heading\" data-id=\"7d6e099b\" data-element_type=\"widget\" data-widget_type=\"hub_fancy_heading.default\">\n\t\t\t\t<div class=\"elementor-widget-container\">\n\t\t\t\n\t\t<div id=\"ld-fancy-heading-69e21e1b35e56\" class=\"ld-fancy-heading pos-rel\">\n\t\t\t<h2 class=\"ld-fh-element d-inline-block pos-rel  elementor-heading-title lqd-highlight-classic lqd-highlight-grow-left h2\"  > L'Histoire<\/h2>\t\t<\/div>\n\n\t\t\t\t<\/div>\n\t\t\t\t<\/div>\n\t\t\t\t<div class=\"elementor-element elementor-element-6fbf15c7 elementor-widget elementor-widget-hub_fancy_heading\" data-id=\"6fbf15c7\" data-element_type=\"widget\" data-widget_type=\"hub_fancy_heading.default\">\n\t\t\t\t<div class=\"elementor-widget-container\">\n\t\t\t\n\t\t<div id=\"ld-fancy-heading-69e21e1b36251\" class=\"ld-fancy-heading pos-rel\">\n\t\t\t<p class=\"ld-fh-element d-inline-block pos-rel  lqd-highlight-classic lqd-highlight-grow-left p\"  > Apr\u00e8s plus de 25 ann\u00e9es en tant que vendeuse \u00e0 la Poissonnerie Soulard, Emmanuelle a pris les r\u00eanes de l'entreprise en 2015.\n<br>\nLa Poissonnerie a adopt\u00e9e un nouveau nom \u00e9vocateur \u00ab  La Nouvelle Vague \u00bb.<br>\nCe changement incarne notamment une transition dans la propri\u00e9t\u00e9, mais aussi une transformation, symbolisant notre engagement envers l'innovation et la qualit\u00e9.\n<br><br>Sp\u00e9cialis\u00e9s dans la vente de produits issus de p\u00eache \u00e9co responsable, nous travaillons essentiellement avec les petits chalutiers c\u00f4tiers. \nVous y trouverez principalement des poissons sauvages et de ligne.<\/p>\t\t<\/div>\n\n\t\t\t\t<\/div>\n\t\t\t\t<\/div>\n\t\t\t\t\t<\/div>\n\t\t<\/div>\n\t\t\t\t\t\t\t<\/div>\n\t\t<\/section>\n\t\t\t\t<section class=\"elementor-section elementor-top-section elementor-element elementor-element-be2a03 elementor-section-full_width elementor-section-height-default elementor-section-height-default\" data-id=\"be2a03\" data-element_type=\"section\" data-settings=\"{&quot;background_background&quot;:&quot;classic&quot;}\">\n\t\t\t\t\t\t<div class=\"elementor-container elementor-column-gap-no\">\n\t\t\t\t\t<div class=\"elementor-column elementor-col-100 elementor-top-column elementor-element elementor-element-294750a1\" data-id=\"294750a1\" data-element_type=\"column\">\n\t\t\t<div class=\"elementor-widget-wrap elementor-element-populated\">\n\t\t\t\t\t\t\t\t<section class=\"elementor-section elementor-inner-section elementor-element elementor-element-7a5f5dba elementor-section-boxed elementor-section-height-default elementor-section-height-default\" data-id=\"7a5f5dba\" data-element_type=\"section\">\n\t\t\t\t\t\t<div class=\"elementor-container elementor-column-gap-default\">\n\t\t\t\t\t<div data-custom-animations=\"true\" data-ca-options=\"{&quot;addChildTimelines&quot;:false,&quot;animationTarget&quot;:&quot;:scope &gt; .elementor-widget-wrap &gt; .elementor-element &gt; .elementor-widget-container, :scope &gt; .elementor-widget-wrap &gt; .elementor-section &gt; .elementor-container &gt; .elementor-column &gt; .elementor-widget-wrap &gt; .elementor-element:not(.lqd-el-has-inner-anim) &gt; .elementor-widget-container, :scope &gt; .elementor-widget-wrap &gt; .elementor-widget-hub_fancy_heading .lqd-split-lines .lqd-lines .split-inner, :scope &gt; .elementor-widget-wrap &gt; .elementor-widget-hub_fancy_heading .lqd-split-words .lqd-words .split-inner, :scope &gt; .elementor-widget-wrap &gt; .elementor-widget-hub_fancy_heading .lqd-split-chars .lqd-chars .split-inner, :scope &gt; .elementor-widget-wrap &gt; .elementor-widget-ld_custom_menu .lqd-fancy-menu &gt; ul &gt; li&quot;,&quot;duration&quot;:1800,&quot;delay&quot;:180,&quot;ease&quot;:[&quot;power4.out&quot;],&quot;initValues&quot;:{&quot;y&quot;:&quot;35px&quot;,&quot;opacity&quot;:0},&quot;animations&quot;:{&quot;y&quot;:&quot;0px&quot;,&quot;opacity&quot;:1}}\" class=\"elementor-column elementor-col-100 elementor-inner-column elementor-element elementor-element-3cdef2f0\" data-id=\"3cdef2f0\" data-element_type=\"column\">\n\t\t\t<div class=\"elementor-widget-wrap elementor-element-populated\">\n\t\t\t\t\t\t\t\t<div data-custom-animations=\"true\" data-ca-options=\"{&quot;addChildTimelines&quot;:false,&quot;animationTarget&quot;:&quot;.lqd-split-words .lqd-words .split-inner, .lqd-adv-txt-fig&quot;,&quot;duration&quot;:1800,&quot;delay&quot;:180,&quot;ease&quot;:[&quot;power4.out&quot;],&quot;initValues&quot;:{&quot;y&quot;:&quot;70px&quot;},&quot;animations&quot;:{&quot;y&quot;:&quot;0px&quot;}}\" class=\"elementor-element elementor-element-791874ea elementor-widget elementor-widget-hub_fancy_heading lqd-el-has-inner-anim\" data-id=\"791874ea\" data-element_type=\"widget\" data-settings=\"{&quot;enable_split&quot;:&quot;true&quot;,&quot;split_type&quot;:&quot;words&quot;}\" data-widget_type=\"hub_fancy_heading.default\">\n\t\t\t\t<div class=\"elementor-widget-container\">\n\t\t\t\n\t\t<div id=\"ld-fancy-heading-69e21e1b36eda\" class=\"ld-fancy-heading pos-rel mask-text\">\n\t\t\t<h2 class=\"ld-fh-element d-inline-block pos-rel  elementor-heading-title lqd-highlight-classic lqd-highlight-grow-left lqd-split-words h2\"  data-split-text=\"true\" data-split-options='{\"type\":\"words\"}'> Notre \u00e9quipe<\/h2>\t\t<\/div>\n\n\t\t\t\t<\/div>\n\t\t\t\t<\/div>\n\t\t\t\t<div class=\"elementor-element elementor-element-4a7d162e elementor-widget elementor-widget-hub_fancy_heading\" data-id=\"4a7d162e\" data-element_type=\"widget\" data-widget_type=\"hub_fancy_heading.default\">\n\t\t\t\t<div class=\"elementor-widget-container\">\n\t\t\t\n\t\t<div id=\"ld-fancy-heading-69e21e1b37362\" class=\"ld-fancy-heading pos-rel\">\n\t\t\t<p class=\"ld-fh-element d-inline-block pos-rel  lqd-highlight-classic lqd-highlight-grow-left p\"  > Au del\u00e0 d'Emmanuelle, une \u00e9quipe de 4 personnes transforme avec professionnalisme et passion les produits de p\u00eache<\/p>\t\t<\/div>\n\n\t\t\t\t<\/div>\n\t\t\t\t<\/div>\n\t\t\t\t<div class=\"elementor-element elementor-element-62628416 elementor-widget elementor-widget-spacer\" data-id=\"62628416\" data-element_type=\"widget\" data-widget_type=\"spacer.default\">\n\t\t\t\t<div class=\"elementor-widget-container\">\n\t\t\t<style>\/*! elementor - v3.18.0 - 20-12-2023 *\/\n.elementor-column .elementor-spacer-inner{height:var(--spacer-size)}.e-con{--container-widget-width:100%}.e-con-inner>.elementor-widget-spacer,.e-con>.elementor-widget-spacer{width:var(--container-widget-width,var(--spacer-size));--align-self:var(--container-widget-align-self,initial);--flex-shrink:0}.e-con-inner>.elementor-widget-spacer>.elementor-widget-container,.e-con>.elementor-widget-spacer>.elementor-widget-container{height:100%;width:100%}.e-con-inner>.elementor-widget-spacer>.elementor-widget-container>.elementor-spacer,.e-con>.elementor-widget-spacer>.elementor-widget-container>.elementor-spacer{height:100%}.e-con-inner>.elementor-widget-spacer>.elementor-widget-container>.elementor-spacer>.elementor-spacer-inner,.e-con>.elementor-widget-spacer>.elementor-widget-container>.elementor-spacer>.elementor-spacer-inner{height:var(--container-widget-height,var(--spacer-size))}.e-con-inner>.elementor-widget-spacer.elementor-widget-empty,.e-con>.elementor-widget-spacer.elementor-widget-empty{position:relative;min-height:22px;min-width:22px}.e-con-inner>.elementor-widget-spacer.elementor-widget-empty .elementor-widget-empty-icon,.e-con>.elementor-widget-spacer.elementor-widget-empty .elementor-widget-empty-icon{position:absolute;top:0;bottom:0;left:0;right:0;margin:auto;padding:0;width:22px;height:22px}<\/style>\t\t<div class=\"elementor-spacer\">\n\t\t\t<div class=\"elementor-spacer-inner\"><\/div>\n\t\t<\/div>\n\t\t\t\t<\/div>\n\t\t\t\t<\/div>\n\t\t\t\t\t<\/div>\n\t\t<\/div>\n\t\t\t\t\t\t\t<\/div>\n\t\t<\/section>\n\t\t\t\t<section class=\"elementor-section elementor-inner-section elementor-element elementor-element-5b032d47 elementor-section-full_width elementor-section-height-default elementor-section-height-default\" data-id=\"5b032d47\" data-element_type=\"section\">\n\t\t\t\t\t\t<div class=\"elementor-container elementor-column-gap-no\">\n\t\t\t\t\t<div class=\"elementor-column elementor-col-25 elementor-inner-column elementor-element elementor-element-239d6158\" data-id=\"239d6158\" data-element_type=\"column\">\n\t\t\t<div class=\"elementor-widget-wrap elementor-element-populated\">\n\t\t\t\t\t\t\t\t<div class=\"elementor-element elementor-element-29504627 elementor-widget elementor-widget-ld_team_member\" data-id=\"29504627\" data-element_type=\"widget\" data-widget_type=\"ld_team_member.default\">\n\t\t\t\t<div class=\"elementor-widget-container\">\n\t\t\t\n\t\t<div class=\"lqd-tm pos-rel lqd-tm-style-4 border-radius-4 overflow-hidden text-center\">\n\n\t\t\t\t\t\t\t\t<div class=\"lqd-tm-img pos-rel\">\n\t\t\t\t\t\t<figure>\n\t\t\t\t\t\t\t<img decoding=\"async\" width=\"850\" height=\"1134\" src=\"data:image\/svg+xml;charset=utf-8,%3Csvg xmlns%3D&#039;http%3A%2F%2Fwww.w3.org%2F2000%2Fsvg&#039; viewBox%3D&#039;0 0 850 1134&#039;%2F%3E\" class=\"w-100 ld-lazyload\" alt=\"Virginie Raveleau\" itemprop=\"image\" data-src=\"https:\/\/poissonnerielanouvellevague.com\/wp-content\/uploads\/2024\/04\/WhatsApp-Image-2024-04-0-at-10.44.48-1.jpeg\" data-srcset=\"https:\/\/poissonnerielanouvellevague.com\/wp-content\/uploads\/2024\/04\/WhatsApp-Image-2024-04-0-at-10.44.48-1.jpeg 850w, https:\/\/poissonnerielanouvellevague.com\/wp-content\/uploads\/2024\/04\/WhatsApp-Image-2024-04-0-at-10.44.48-1-225x300.jpeg 225w, https:\/\/poissonnerielanouvellevague.com\/wp-content\/uploads\/2024\/04\/WhatsApp-Image-2024-04-0-at-10.44.48-1-768x1024.jpeg 768w\" data-sizes=\"(max-width: 850px) 100vw, 850px\" data-aspect=\"0.74955908289242\" \/>\t\t\t\t\t\t<\/figure>\n\t\t\t\t\t<\/div>\n\t\t\t\t\t\t\n\t\t\t\t\t<div class=\"lqd-tm-details lqd-overlay d-flex flex-column align-items-center justify-content-end p-6\">\n\t\t\t\t\t\t\t\t\t\t\t\t<div class=\"lqd-tm-details-inner\">\n\t\t\t\t\t\t\t<h3 class=\"mt-0 mb-2\">Virginie Raveleau<\/h3>\n\t\t\t\t\t\t\t<h6 class=\"mt-0 mb-0\"><\/h6>\n\t\t\t\t\t\t<\/div>\n\t\t\t\t\t<\/div>\n\t\t\t\t\t\t\t\t\t\t\t<a href=\"#\" target=\"_blank\" rel=\"nofollow\" class=\"lqd-overlay\"><\/a>\n\t\t\t\t\t\t\t\t\t\n\t\t<\/div>\n\n\t\t\t\t<\/div>\n\t\t\t\t<\/div>\n\t\t\t\t\t<\/div>\n\t\t<\/div>\n\t\t\t\t<div class=\"elementor-column elementor-col-25 elementor-inner-column elementor-element elementor-element-947bad\" data-id=\"947bad\" data-element_type=\"column\">\n\t\t\t<div class=\"elementor-widget-wrap elementor-element-populated\">\n\t\t\t\t\t\t\t\t<div class=\"elementor-element elementor-element-165bdfcd elementor-widget elementor-widget-ld_team_member\" data-id=\"165bdfcd\" data-element_type=\"widget\" data-widget_type=\"ld_team_member.default\">\n\t\t\t\t<div class=\"elementor-widget-container\">\n\t\t\t\n\t\t<div class=\"lqd-tm pos-rel lqd-tm-style-4 border-radius-4 overflow-hidden text-center\">\n\n\t\t\t\t\t\t\t\t<div class=\"lqd-tm-img pos-rel\">\n\t\t\t\t\t\t<figure>\n\t\t\t\t\t\t\t<img decoding=\"async\" width=\"1200\" height=\"1600\" src=\"data:image\/svg+xml;charset=utf-8,%3Csvg xmlns%3D&#039;http%3A%2F%2Fwww.w3.org%2F2000%2Fsvg&#039; viewBox%3D&#039;0 0 1200 1600&#039;%2F%3E\" class=\"w-100 ld-lazyload\" alt=\"Olivier Pr\u00e9au\" itemprop=\"image\" data-src=\"https:\/\/poissonnerielanouvellevague.com\/wp-content\/uploads\/2024\/04\/PHOTO-2024-04-10-09-44-03.jpg\" data-srcset=\"https:\/\/poissonnerielanouvellevague.com\/wp-content\/uploads\/2024\/04\/PHOTO-2024-04-10-09-44-03.jpg 1200w, https:\/\/poissonnerielanouvellevague.com\/wp-content\/uploads\/2024\/04\/PHOTO-2024-04-10-09-44-03-225x300.jpg 225w, https:\/\/poissonnerielanouvellevague.com\/wp-content\/uploads\/2024\/04\/PHOTO-2024-04-10-09-44-03-768x1024.jpg 768w\" data-sizes=\"(max-width: 1200px) 100vw, 1200px\" data-aspect=\"0.75\" \/>\t\t\t\t\t\t<\/figure>\n\t\t\t\t\t<\/div>\n\t\t\t\t\t\t\n\t\t\t\t\t<div class=\"lqd-tm-details lqd-overlay d-flex flex-column align-items-center justify-content-end p-6\">\n\t\t\t\t\t\t\t\t\t\t\t\t<div class=\"lqd-tm-details-inner\">\n\t\t\t\t\t\t\t<h3 class=\"mt-0 mb-2\">Olivier Pr\u00e9au<\/h3>\n\t\t\t\t\t\t\t<h6 class=\"mt-0 mb-0\"><\/h6>\n\t\t\t\t\t\t<\/div>\n\t\t\t\t\t<\/div>\n\t\t\t\t\t\t\t\t\t\t\t<a href=\"#\" target=\"_blank\" rel=\"nofollow\" class=\"lqd-overlay\"><\/a>\n\t\t\t\t\t\t\t\t\t\n\t\t<\/div>\n\n\t\t\t\t<\/div>\n\t\t\t\t<\/div>\n\t\t\t\t\t<\/div>\n\t\t<\/div>\n\t\t\t\t<div class=\"elementor-column elementor-col-25 elementor-inner-column elementor-element elementor-element-302f0ec3\" data-id=\"302f0ec3\" data-element_type=\"column\">\n\t\t\t<div class=\"elementor-widget-wrap elementor-element-populated\">\n\t\t\t\t\t\t\t\t<div class=\"elementor-element elementor-element-45c6eee3 elementor-widget elementor-widget-ld_team_member\" data-id=\"45c6eee3\" data-element_type=\"widget\" data-widget_type=\"ld_team_member.default\">\n\t\t\t\t<div class=\"elementor-widget-container\">\n\t\t\t\n\t\t<div class=\"lqd-tm pos-rel lqd-tm-style-4 border-radius-4 overflow-hidden text-center\">\n\n\t\t\t\t\t\t\t\t<div class=\"lqd-tm-img pos-rel\">\n\t\t\t\t\t\t<figure>\n\t\t\t\t\t\t\t<img loading=\"lazy\" decoding=\"async\" width=\"1200\" height=\"1600\" src=\"data:image\/svg+xml;charset=utf-8,%3Csvg xmlns%3D&#039;http%3A%2F%2Fwww.w3.org%2F2000%2Fsvg&#039; viewBox%3D&#039;0 0 1200 1600&#039;%2F%3E\" class=\"w-100 ld-lazyload\" alt=\"Antonin Fruchet\" itemprop=\"image\" data-src=\"https:\/\/poissonnerielanouvellevague.com\/wp-content\/uploads\/2024\/04\/WhatsApp-Image-2024-04-09-at-10.44.48.jpeg\" data-srcset=\"https:\/\/poissonnerielanouvellevague.com\/wp-content\/uploads\/2024\/04\/WhatsApp-Image-2024-04-09-at-10.44.48.jpeg 1200w, https:\/\/poissonnerielanouvellevague.com\/wp-content\/uploads\/2024\/04\/WhatsApp-Image-2024-04-09-at-10.44.48-225x300.jpeg 225w, https:\/\/poissonnerielanouvellevague.com\/wp-content\/uploads\/2024\/04\/WhatsApp-Image-2024-04-09-at-10.44.48-768x1024.jpeg 768w\" data-sizes=\"(max-width: 1200px) 100vw, 1200px\" data-aspect=\"0.75\" \/>\t\t\t\t\t\t<\/figure>\n\t\t\t\t\t<\/div>\n\t\t\t\t\t\t\n\t\t\t\t\t<div class=\"lqd-tm-details lqd-overlay d-flex flex-column align-items-center justify-content-end p-6\">\n\t\t\t\t\t\t\t\t\t\t\t\t<div class=\"lqd-tm-details-inner\">\n\t\t\t\t\t\t\t<h3 class=\"mt-0 mb-2\">Antonin Fruchet<\/h3>\n\t\t\t\t\t\t\t<h6 class=\"mt-0 mb-0\"><\/h6>\n\t\t\t\t\t\t<\/div>\n\t\t\t\t\t<\/div>\n\t\t\t\t\t\t\t\t\t\t\t<a href=\"#\" target=\"_blank\" rel=\"nofollow\" class=\"lqd-overlay\"><\/a>\n\t\t\t\t\t\t\t\t\t\n\t\t<\/div>\n\n\t\t\t\t<\/div>\n\t\t\t\t<\/div>\n\t\t\t\t\t<\/div>\n\t\t<\/div>\n\t\t\t\t<div class=\"elementor-column elementor-col-25 elementor-inner-column elementor-element elementor-element-3d59dc49\" data-id=\"3d59dc49\" data-element_type=\"column\">\n\t\t\t<div class=\"elementor-widget-wrap elementor-element-populated\">\n\t\t\t\t\t\t\t\t<div class=\"elementor-element elementor-element-25ddd3c3 elementor-widget elementor-widget-ld_team_member\" data-id=\"25ddd3c3\" data-element_type=\"widget\" data-widget_type=\"ld_team_member.default\">\n\t\t\t\t<div class=\"elementor-widget-container\">\n\t\t\t\n\t\t<div class=\"lqd-tm pos-rel lqd-tm-style-4 border-radius-4 overflow-hidden text-center\">\n\n\t\t\t\t\t\t\t\t<div class=\"lqd-tm-img pos-rel\">\n\t\t\t\t\t\t<figure>\n\t\t\t\t\t\t\t<img loading=\"lazy\" decoding=\"async\" width=\"1200\" height=\"1600\" src=\"data:image\/svg+xml;charset=utf-8,%3Csvg xmlns%3D&#039;http%3A%2F%2Fwww.w3.org%2F2000%2Fsvg&#039; viewBox%3D&#039;0 0 1200 1600&#039;%2F%3E\" class=\"w-100 ld-lazyload\" alt=\"Fabrice Sorin\" itemprop=\"image\" data-src=\"https:\/\/poissonnerielanouvellevague.com\/wp-content\/uploads\/2024\/04\/WhatsApp-Image-2024-04-09-at-10.44.49.jpeg\" data-srcset=\"https:\/\/poissonnerielanouvellevague.com\/wp-content\/uploads\/2024\/04\/WhatsApp-Image-2024-04-09-at-10.44.49.jpeg 1200w, https:\/\/poissonnerielanouvellevague.com\/wp-content\/uploads\/2024\/04\/WhatsApp-Image-2024-04-09-at-10.44.49-225x300.jpeg 225w, https:\/\/poissonnerielanouvellevague.com\/wp-content\/uploads\/2024\/04\/WhatsApp-Image-2024-04-09-at-10.44.49-768x1024.jpeg 768w\" data-sizes=\"(max-width: 1200px) 100vw, 1200px\" data-aspect=\"0.75\" \/>\t\t\t\t\t\t<\/figure>\n\t\t\t\t\t<\/div>\n\t\t\t\t\t\t\n\t\t\t\t\t<div class=\"lqd-tm-details lqd-overlay d-flex flex-column align-items-center justify-content-end p-6\">\n\t\t\t\t\t\t \n\t\t\t\t\t\t<ul class=\"social-icon social-icon-vertical pos-rel z-index-3\">\n\t\t\t\t\t\t\t\t\t\t\t\t\t\t\t<li class=\"elementor-repeater-item-9ca0264\">\n\t\t\t\t\t\t\t\t\t<a href=\"#\">\n\t\t\t\t\t\t\t\t\t<i class=\"\"><\/i><\/a>\n\t\t\t\t\t\t\t\t<\/li>\n\t\t\t\t\t\t\t\t\t\t\t\t\t<\/ul>\n\t\t\t\t\t\t\t\t\t\t\t\t<div class=\"lqd-tm-details-inner\">\n\t\t\t\t\t\t\t<h3 class=\"mt-0 mb-2\">Fabrice Sorin<\/h3>\n\t\t\t\t\t\t\t<h6 class=\"mt-0 mb-0\"><\/h6>\n\t\t\t\t\t\t<\/div>\n\t\t\t\t\t<\/div>\n\t\t\t\t\t\t\t\t\t\t\t<a href=\"#\" target=\"_blank\" rel=\"nofollow\" class=\"lqd-overlay\"><\/a>\n\t\t\t\t\t\t\t\t\t\n\t\t<\/div>\n\n\t\t\t\t<\/div>\n\t\t\t\t<\/div>\n\t\t\t\t\t<\/div>\n\t\t<\/div>\n\t\t\t\t\t\t\t<\/div>\n\t\t<\/section>\n\t\t\t\t\t<\/div>\n\t\t<\/div>\n\t\t\t\t\t\t\t<\/div>\n\t\t<\/section>\n\t\t\t\t\t\t\t<\/div>\n\t\t","protected":false},"excerpt":{"rendered":"<p>Notre histoire Qui sommes-nous ?Quel est notre histoire ?Quelles sont nos valeurs ? Emmanuelle Fruchet \u2014 Pr\u00e9sentation L&rsquo;Histoire Apr\u00e8s plus de 25 ann\u00e9es en tant que vendeuse \u00e0 la Poissonnerie Soulard, Emmanuelle a pris les r\u00eanes de l&rsquo;entreprise en 2015. La Poissonnerie a adopt\u00e9e un nouveau nom \u00e9vocateur \u00ab La Nouvelle Vague \u00bb. Ce changement [&hellip;]<\/p>\n","protected":false},"author":1,"featured_media":0,"parent":0,"menu_order":0,"comment_status":"closed","ping_status":"closed","template":"","meta":{"footnotes":""},"_links":{"self":[{"href":"https:\/\/poissonnerielanouvellevague.com\/index.php\/wp-json\/wp\/v2\/pages\/6091"}],"collection":[{"href":"https:\/\/poissonnerielanouvellevague.com\/index.php\/wp-json\/wp\/v2\/pages"}],"about":[{"href":"https:\/\/poissonnerielanouvellevague.com\/index.php\/wp-json\/wp\/v2\/types\/page"}],"author":[{"embeddable":true,"href":"https:\/\/poissonnerielanouvellevague.com\/index.php\/wp-json\/wp\/v2\/users\/1"}],"replies":[{"embeddable":true,"href":"https:\/\/poissonnerielanouvellevague.com\/index.php\/wp-json\/wp\/v2\/comments?post=6091"}],"version-history":[{"count":36,"href":"https:\/\/poissonnerielanouvellevague.com\/index.php\/wp-json\/wp\/v2\/pages\/6091\/revisions"}],"predecessor-version":[{"id":6613,"href":"https:\/\/poissonnerielanouvellevague.com\/index.php\/wp-json\/wp\/v2\/pages\/6091\/revisions\/6613"}],"wp:attachment":[{"href":"https:\/\/poissonnerielanouvellevague.com\/index.php\/wp-json\/wp\/v2\/media?parent=6091"}],"curies":[{"name":"wp","href":"https:\/\/api.w.org\/{rel}","templated":true}]}}